{"id":5858,"date":"2020-06-08T06:54:59","date_gmt":"2020-06-08T05:54:59","guid":{"rendered":"http:\/\/astra-rasag.maweb.eu\/?page_id=5858"},"modified":"2020-11-13T14:14:26","modified_gmt":"2020-11-13T13:14:26","slug":"parovani-cidel-pomoci-tpms-el-50448","status":"publish","type":"page","link":"https:\/\/astra-rasag.cz\/?page_id=5858","title":{"rendered":"P\u00e1rov\u00e1n\u00ed \u010didel pomoc\u00ed TPMS EL-50448"},"content":{"rendered":"\n<p>Tento p\u0159\u00edstroj pou\u017e\u00edv\u00e1m pro aktivaci sn\u00edma\u010du tlaku v pneumatik\u00e1ch TPMS EL-50448 OEC-T5. Jedn\u00e1 se o vozidla pro Evropsk\u00fd trh a koncern GM.<\/p>\n\n\n\n<p>Pokud m\u00e1te z\u00e1jem o p\u00e1rov\u00e1n\u00ed pneumatik po p\u0159ezouv\u00e1n\u00ed, p\u0159\u00edpadn\u011b po v\u00fdm\u011bn\u011b \u010didla, m\u016f\u017eeme se dohodnout (Ostrava), email &#8211; <strong>astra-rasag.ic.cz@volny.cz<\/strong><\/p>\n\n\n\n<p>U vozidel vybaven\u00fdch syst\u00e9mem sledov\u00e1n\u00ed tlaku v pneumatik\u00e1ch na frekvenci 433 MHz (TPM).<\/p>\n\n\n\n<p class=\"has-vivid-red-color has-pale-cyan-blue-background-color has-text-color has-background\"><strong><em>P\u0159\u00edstroj vyzkou\u0161en na modelech Opel Adam, Corsa E, Astra J \/ K, Meriva B, Zafira C, Insignie.<\/em><\/strong><\/p>\n\n\n\n<p>V\u00edce informac\u00ed o \u010didlech a p\u00e1rov\u00e1n\u00ed <a href=\"http:\/\/astra-rasag.cz\/?page_id=5741\">zde<\/a>.<\/p>\n\n\n\n<figure class=\"wp-block-image size-large\"><img loading=\"lazy\" decoding=\"async\" width=\"1024\" height=\"381\" src=\"http:\/\/astra-rasag.cz\/wp-content\/uploads\/2020\/05\/Parovani-EL-50448-TPMS-Astra-J-1024x381.jpg\" alt=\"\" class=\"wp-image-5740\" srcset=\"https:\/\/astra-rasag.cz\/wp-content\/uploads\/2020\/05\/Parovani-EL-50448-TPMS-Astra-J-1024x381.jpg 1024w, https:\/\/astra-rasag.cz\/wp-content\/uploads\/2020\/05\/Parovani-EL-50448-TPMS-Astra-J-300x112.jpg 300w, https:\/\/astra-rasag.cz\/wp-content\/uploads\/2020\/05\/Parovani-EL-50448-TPMS-Astra-J-768x286.jpg 768w, https:\/\/astra-rasag.cz\/wp-content\/uploads\/2020\/05\/Parovani-EL-50448-TPMS-Astra-J-1536x571.jpg 1536w, https:\/\/astra-rasag.cz\/wp-content\/uploads\/2020\/05\/Parovani-EL-50448-TPMS-Astra-J-2048x762.jpg 2048w\" sizes=\"auto, (max-width: 1024px) 100vw, 1024px\" \/><\/figure>\n\n\n\n<p>Zde je podrobn\u00fd seznam dle v\u00fdrobce p\u0159\u00edstroje:<\/p>\n\n\n<table width=\"536\">\n<tbody>\n<tr>\n<td width=\"536\">2001 DeVille (VIN K) Manual de servicio.<\/td>\n<\/tr>\n<tr>\n<td>2001 Sevilla (VIN K) Manual de servicio.<\/td>\n<\/tr>\n<tr>\n<td>Corvette 2002 (VIN Y) Manual de servicio.<\/td>\n<\/tr>\n<tr>\n<td>2002 DeVille (VIN K) Manual de servicio.<\/td>\n<\/tr>\n<tr>\n<td>2002 Sevilla RHD (VIN K) Manual de servicio.<\/td>\n<\/tr>\n<tr>\n<td>Corvette 2003 (VIN Y) Manual de servicio.<\/td>\n<\/tr>\n<tr>\n<td>2003 DeVille (VIN K) Manual de servicio.<\/td>\n<\/tr>\n<tr>\n<td>2003 Sevilla (VIN K) Manual de servicio.<\/td>\n<\/tr>\n<tr>\n<td>2004 avalancha Escalade suburbanas Tahoe Yukon (VIN C\/K) Manual de servicio.<\/td>\n<\/tr>\n<tr>\n<td>Corvette 2004 (VIN Y) Manual de servicio.<\/td>\n<\/tr>\n<tr>\n<td>2004 CTS (VIN D) Manual de servicio.<\/td>\n<\/tr>\n<tr>\n<td>2004 DeVille (VIN K) Manual de servicio.<\/td>\n<\/tr>\n<tr>\n<td>2004 Sevilla (VIN K) Manual de servicio.<\/td>\n<\/tr>\n<tr>\n<td>2004 SRX (VIN E) Manual de servicio.<\/td>\n<\/tr>\n<tr>\n<td>2004 XLR (VIN Y) Manual de servicio.<\/td>\n<\/tr>\n<tr>\n<td>2005 avalancha Escalade suburbanas Tahoe Yukon (VIN C\/K) Manual de servicio.<\/td>\n<\/tr>\n<tr>\n<td>Corvette 2005 (VIN Y) Manual de servicio.<\/td>\n<\/tr>\n<tr>\n<td>2005 CTS (VIN D) Manual de servicio.<\/td>\n<\/tr>\n<tr>\n<td>2005 DeVille (VIN K) Manual de servicio.<\/td>\n<\/tr>\n<tr>\n<td>2005 SRX (VIN E) Manual de servicio.<\/td>\n<\/tr>\n<tr>\n<td>2005 STS (VIN D) Manual de servicio.<\/td>\n<\/tr>\n<tr>\n<td>2005 XLR (VIN Y) Manual de servicio.<\/td>\n<\/tr>\n<tr>\n<td>2006 9-7x (VIN S\/T) Manual de servicio.<\/td>\n<\/tr>\n<tr>\n<td>2006 avalancha Escalade suburbanas Tahoe Yukon (VIN C\/K) Manual de servicio.<\/td>\n<\/tr>\n<tr>\n<td>Corvette 2006 (VIN Y) Manual de servicio.<\/td>\n<\/tr>\n<tr>\n<td>2006 CTS (VIN D) Manual de servicio.<\/td>\n<\/tr>\n<tr>\n<td>2006 DTS (VIN K) Manual de servicio.<\/td>\n<\/tr>\n<tr>\n<td>2006 enviado Rainier pionero&#8230; Ascender (VIN S\/T) Manual de servicio.<\/td>\n<\/tr>\n<tr>\n<td>2006 H3 (VIN N) Manual de servicio.<\/td>\n<\/tr>\n<tr>\n<td>2006 Captiva (VIN) Manual de servicio.<\/td>\n<\/tr>\n<tr>\n<td>Impala 2006 Monte Carlo (VIN) Manual de servicio.<\/td>\n<\/tr>\n<tr>\n<td>2006 Sierra Silverado (VIN C\/K) Manual de servicio.<\/td>\n<\/tr>\n<tr>\n<td>2006 SRX (VIN E) Manual de servicio.<\/td>\n<\/tr>\n<tr>\n<td>2006 STS (VIN D) Manual de servicio.<\/td>\n<\/tr>\n<tr>\n<td>2006 XLR (VIN Y) Manual de servicio.<\/td>\n<\/tr>\n<tr>\n<td>2007 9-7x (VIN S\/T) Manual de servicio.<\/td>\n<\/tr>\n<tr>\n<td>2007 Acadia (VIN R\/V) Manual de servicio.<\/td>\n<\/tr>\n<tr>\n<td>2007 encanto de LaCrosse (VIN) Manual de servicio.<\/td>\n<\/tr>\n<tr>\n<td>2007 AURA BAS h\u00edbrido (VIN Z) Manual de servicio.<\/td>\n<\/tr>\n<tr>\n<td>2007 avalancha Escalade suburbanas Tahoe Yukon (VIN C\/K) Manual de servicio.<\/td>\n<\/tr>\n<tr>\n<td>2007 ca\u00f1\u00f3n Colorado I-290&#8230; I-370 (VIN S\/T) Manual de servicio.<\/td>\n<\/tr>\n<tr>\n<td>2007 Captiva (Tailandia) Manual de servicio<\/td>\n<\/tr>\n<tr>\n<td>2007 Captiva y terreno Antara (VIN C) Manual de servicio.<\/td>\n<\/tr>\n<tr>\n<td>Corvette 2007 (VIN Y) Manual de servicio.<\/td>\n<\/tr>\n<tr>\n<td>2007 CTS (VIN D) Manual de servicio.<\/td>\n<\/tr>\n<tr>\n<td>2007 DTS (VIN K) Manual de servicio.<\/td>\n<\/tr>\n<tr>\n<td>2007 enviado Rainier pionero&#8230; Ascender (VIN S\/T) Manual de servicio.<\/td>\n<\/tr>\n<tr>\n<td>2007 Equinox torrente (VIN L) Manual de servicio.<\/td>\n<\/tr>\n<tr>\n<td>2007 Grand Prix (VIN) Manual de servicio.<\/td>\n<\/tr>\n<tr>\n<td>2007 H3 (VIN N) Manual de servicio.<\/td>\n<\/tr>\n<tr>\n<td>2007 Captiva (VIN) Manual de servicio.<\/td>\n<\/tr>\n<tr>\n<td>Impala 2007 Monte Carlo (VIN) Manual de servicio.<\/td>\n<\/tr>\n<tr>\n<td>2007 Lucerna (VIN H) Manual de servicio<\/td>\n<\/tr>\n<tr>\n<td>2007 OUTLOOK (VIN R\/V) Manual de servicio.<\/td>\n<\/tr>\n<tr>\n<td>2007 Sierra cl\u00e1sico Silverado cl\u00e1sico (VIN C\/K) Manual de servicio.<\/td>\n<\/tr>\n<tr>\n<td>2007 Sierra Silverado (VIN C\/K) Manual de servicio.<\/td>\n<\/tr>\n<tr>\n<td>2007 SRX (VIN E) Manual de servicio.<\/td>\n<\/tr>\n<tr>\n<td>2008 9-7x (VIN S\/T) Manual de servicio.<\/td>\n<\/tr>\n<tr>\n<td>2008 Acadia&#8230; Enclave OUTLOOK (VIN R\/V) Manual de servicio.<\/td>\n<\/tr>\n<tr>\n<td>2008 encanto de LaCrosse (VIN) Manual de servicio.<\/td>\n<\/tr>\n<tr>\n<td>Astra 2008 (VIN) Manual de servicio.<\/td>\n<\/tr>\n<tr>\n<td>2008 AURA BAS h\u00edbrido (VIN Z) Manual de servicio.<\/td>\n<\/tr>\n<tr>\n<td>2008 avalancha Escalade suburbanas Tahoe Yukon (VIN C\/K) Manual de servicio.<\/td>\n<\/tr>\n<tr>\n<td>2008 ca\u00f1\u00f3n Colorado I-290&#8230; I-370 (VIN S\/T) Manual de servicio.<\/td>\n<\/tr>\n<tr>\n<td>2008 Captiva y terreno Antara (VIN C) Manual de servicio.<\/td>\n<\/tr>\n<tr>\n<td>2008 Cobalto, G5 (VIN A) Manual de servicio<\/td>\n<\/tr>\n<tr>\n<td>Corvette 2008 (VIN Y) Manual de servicio.<\/td>\n<\/tr>\n<tr>\n<td>2008 CTS (VIN D) Manual de servicio.<\/td>\n<\/tr>\n<tr>\n<td>2008 DTS (VIN K) Manual de servicio.<\/td>\n<\/tr>\n<tr>\n<td>2008 enviado pionero&#8230; Ascender (VIN S\/T) Manual de servicio.<\/td>\n<\/tr>\n<tr>\n<td>2008 Equinox torrente (VIN L) Manual de servicio.<\/td>\n<\/tr>\n<tr>\n<td>2008 Express Savana (VIN G\/H) Manual de servicio.<\/td>\n<\/tr>\n<tr>\n<td>2008 G6 (VIN Z) Manual de servicio.<\/td>\n<\/tr>\n<tr>\n<td>2008 G8 Manual de servicio.<\/td>\n<\/tr>\n<tr>\n<td>2008 Grand Prix (VIN) Manual de servicio.<\/td>\n<\/tr>\n<tr>\n<td>2008 H2 (VIN N) Manual de servicio.<\/td>\n<\/tr>\n<tr>\n<td>2008 H3 (VIN N) Manual de servicio.<\/td>\n<\/tr>\n<tr>\n<td>2008 Captiva (VIN) Manual de servicio.<\/td>\n<\/tr>\n<tr>\n<td>Impala 2008 (VIN) Manual de servicio.<\/td>\n<\/tr>\n<tr>\n<td>2008 Lucerna (VIN H) Manual de servicio<\/td>\n<\/tr>\n<tr>\n<td>2008 Malib\u00fa (VIN Z) Manual de servicio.<\/td>\n<\/tr>\n<tr>\n<td>2008 Malibu Classic (VIN Z) Manual de servicio.<\/td>\n<\/tr>\n<tr>\n<td>2008 Montana SV6&#8230; rel\u00e9 de Terraza&#8230; Uplander (VIN U\/V de X)\/X Manual de servicio.<\/td>\n<\/tr>\n<tr>\n<td>2008 Sierra Silverado (VIN C\/K) Manual de servicio.<\/td>\n<\/tr>\n<tr>\n<td>2008 cielo solsticio (VIN M) Manual de servicio.<\/td>\n<\/tr>\n<tr>\n<td>2008 SLS (VIN D) Manual de servicio.<\/td>\n<\/tr>\n<tr>\n<td>2008 SRX (VIN E) Manual de servicio.<\/td>\n<\/tr>\n<tr>\n<td>2008 STS (VIN D) Manual de servicio.<\/td>\n<\/tr>\n<tr>\n<td>2008 SDV VUE h\u00edbrido Captiva Sport (VIN L) Manual de servicio.<\/td>\n<\/tr>\n<tr>\n<td>2008 XL-7 (VIN L) Manual de servicio.<\/td>\n<\/tr>\n<tr>\n<td>2008 XLR (VIN Y) Manual de servicio.<\/td>\n<\/tr>\n<tr>\n<td>2009 9-7x (VIN S\/T) Manual de servicio.<\/td>\n<\/tr>\n<tr>\n<td>2009 Acadia&#8230; Enclave OUTLOOK Traverse (VIN R\/V) Manual de servicio.<\/td>\n<\/tr>\n<tr>\n<td>2009 encanto de LaCrosse (VIN) Manual de servicio.<\/td>\n<\/tr>\n<tr>\n<td>ASTRA 2009 (VIN) Manual de servicio.<\/td>\n<\/tr>\n<tr>\n<td>Astra 2009 (VIN T) Manual de servicio.<\/td>\n<\/tr>\n<tr>\n<td>2009 AURA BAS h\u00edbrido (VIN Z) Manual de servicio.<\/td>\n<\/tr>\n<tr>\n<td>2009 avalancha Escalade suburbanas Tahoe Yukon (VIN C\/K) Manual de servicio.<\/td>\n<\/tr>\n<tr>\n<td>2009 Aveo de onda G3 \u00a1Barina (VIN S\/T) Manual de servicio.<\/td>\n<\/tr>\n<tr>\n<td>2009 Buick Regal (China) Manual de servicio.<\/td>\n<\/tr>\n<tr>\n<td>2009 ca\u00f1\u00f3n Colorado I-290&#8230; I-370 (VIN S\/T) Manual de servicio.<\/td>\n<\/tr>\n<tr>\n<td>2009 Captiva y terreno Antara (VIN C) Manual de servicio.<\/td>\n<\/tr>\n<tr>\n<td>2009 Chevrolet Cruze (China) Manual de servicio.<\/td>\n<\/tr>\n<tr>\n<td>2009 Cobalto, G5 (VIN A) Manual de servicio<\/td>\n<\/tr>\n<tr>\n<td>Corvette 2009 (VIN Y) Manual de servicio.<\/td>\n<\/tr>\n<tr>\n<td>2009 CTS (VIN D) Manual de servicio.<\/td>\n<\/tr>\n<tr>\n<td>2009 DTS (VIN K) Manual de servicio.<\/td>\n<\/tr>\n<tr>\n<td>2009 enviado pionero&#8230; Ascender (VIN S\/T) Manual de servicio.<\/td>\n<\/tr>\n<tr>\n<td>2009 Equinox torrente (VIN L) Manual de servicio.<\/td>\n<\/tr>\n<tr>\n<td>2009 Express Savana (VIN G\/H) Manual de servicio.<\/td>\n<\/tr>\n<tr>\n<td>2009 G6 (VIN Z) Manual de servicio.<\/td>\n<\/tr>\n<tr>\n<td>2009 G8 Manual de servicio.<\/td>\n<\/tr>\n<tr>\n<td>2009 H2 (VIN N) Manual de servicio.<\/td>\n<\/tr>\n<tr>\n<td>2009 H3 (VIN N) Manual de servicio.<\/td>\n<\/tr>\n<tr>\n<td>2009 H3\/H3T (VIN N) Manual de servicio.<\/td>\n<\/tr>\n<tr>\n<td>2009 Captiva (VIN) Manual de servicio.<\/td>\n<\/tr>\n<tr>\n<td>Impala 2009 (VIN) Manual de servicio.<\/td>\n<\/tr>\n<tr>\n<td>2009 Insignia (Global Epsilon) Manual de servicio.<\/td>\n<\/tr>\n<tr>\n<td>2009 Lacetti (Global Delta) Manual de servicio.<\/td>\n<\/tr>\n<tr>\n<td>2009 Lucerna (VIN H) Manual de servicio<\/td>\n<\/tr>\n<tr>\n<td>2009 Malib\u00fa (VIN Z) Manual de servicio.<\/td>\n<\/tr>\n<tr>\n<td>2009 Montana SV6&#8230; Uplander (VIN U\/V de X)\/X Manual de servicio.<\/td>\n<\/tr>\n<tr>\n<td>2009 Sierra Silverado (VIN C\/K) Manual de servicio.<\/td>\n<\/tr>\n<tr>\n<td>2009 cielo solsticio (VIN M) Manual de servicio.<\/td>\n<\/tr>\n<tr>\n<td>2009 SLS (VIN D) Manual de servicio.<\/td>\n<\/tr>\n<tr>\n<td>2009 SRX (VIN E) Manual de servicio.<\/td>\n<\/tr>\n<tr>\n<td>2009 STS (VIN D) Manual de servicio.<\/td>\n<\/tr>\n<tr>\n<td>2009 VE WM&#8230; Caprice estadista Lumina Omega VXR8&#8230; Sportwagon Manual de servicio.<\/td>\n<\/tr>\n<tr>\n<td>2009 SDV VUE h\u00edbrido (VIN Z) Manual de servicio.<\/td>\n<\/tr>\n<tr>\n<td>2009 XL-7 (VIN L) Manual de servicio.<\/td>\n<\/tr>\n<tr>\n<td>2009 XLR (VIN Y) Manual de servicio.<\/td>\n<\/tr>\n<tr>\n<td>2010 9-5 Manual de servicio.<\/td>\n<\/tr>\n<tr>\n<td>2010 Acadia&#8230; Enclave OUTLOOK Traverse (VIN R\/V) Manual de servicio.<\/td>\n<\/tr>\n<tr>\n<td>2010 encanto de LaCrosse (VIN G) Manual de servicio.<\/td>\n<\/tr>\n<tr>\n<td>2010 Antara&#8230; Captiva y terreno Winstorm Manual de servicio.<\/td>\n<\/tr>\n<tr>\n<td>2010 avalancha Escalade suburbanas Tahoe Yukon (VIN C\/K) Manual de servicio.<\/td>\n<\/tr>\n<tr>\n<td>2010 Aveo&#8230; G3 \u00a1Barina (VIN S\/T) Manual de servicio.<\/td>\n<\/tr>\n<tr>\n<td>2010 Buick Excelle Manual de servicio.<\/td>\n<\/tr>\n<tr>\n<td>2010 Buick Regal (China) Manual de servicio.<\/td>\n<\/tr>\n<tr>\n<td>2010 Camaro (VIN F) Manual de servicio.<\/td>\n<\/tr>\n<tr>\n<td>2010 ca\u00f1\u00f3n Colorado (VIN S\/T) Manual de servicio.<\/td>\n<\/tr>\n<tr>\n<td>2010 Cobalto, G5 (VIN A) Manual de servicio<\/td>\n<\/tr>\n<tr>\n<td>Corvette 2010 (VIN Y) Manual de servicio.<\/td>\n<\/tr>\n<tr>\n<td>2010 Cruze (China) Manual de servicio.<\/td>\n<\/tr>\n<tr>\n<td>2010 Cruze Manual de servicio.<\/td>\n<\/tr>\n<tr>\n<td>2010 CTS (VIN D) Manual de servicio.<\/td>\n<\/tr>\n<tr>\n<td>2010 Daewoo Lacetti Manual de servicio.<\/td>\n<\/tr>\n<tr>\n<td>2010 DTS (VIN K) Manual de servicio.<\/td>\n<\/tr>\n<tr>\n<td>2010 Equinox terreno (VIN L) Manual de servicio.<\/td>\n<\/tr>\n<tr>\n<td>2010 Express Savana (VIN G\/H) Manual de servicio.<\/td>\n<\/tr>\n<tr>\n<td>2010 G6 (VIN Z) Manual de servicio.<\/td>\n<\/tr>\n<tr>\n<td>2010 H3\/H3T (VIN N) Manual de servicio.<\/td>\n<\/tr>\n<tr>\n<td>2010 Captiva (VIN) Manual de servicio.<\/td>\n<\/tr>\n<tr>\n<td>Impala 2010 (VIN) Manual de servicio.<\/td>\n<\/tr>\n<tr>\n<td>2010 Insignia Manual de servicio.<\/td>\n<\/tr>\n<tr>\n<td>2010 de LaCrosse (China) Manual de servicio.<\/td>\n<\/tr>\n<tr>\n<td>2010 Lucerna (VIN H) Manual de servicio<\/td>\n<\/tr>\n<tr>\n<td>2010 Malib\u00fa (VIN Z) Manual de servicio.<\/td>\n<\/tr>\n<tr>\n<td>2010 Opel\/Vauxhall Astra Manual de servicio.<\/td>\n<\/tr>\n<tr>\n<td>2010 Sierra Silverado (VIN C\/K) Manual de servicio.<\/td>\n<\/tr>\n<tr>\n<td>2010 cielo solsticio (VIN M) Manual de servicio.<\/td>\n<\/tr>\n<tr>\n<td>2010 SRX (VIN N) Manual de servicio.<\/td>\n<\/tr>\n<tr>\n<td>2010 STS (VIN D) Manual de servicio.<\/td>\n<\/tr>\n<tr>\n<td>VE 2010\/WM-sed\u00e1n Sportwagon Ute&#8230; Lumina Caprice HSV Manual de servicio.<\/td>\n<\/tr>\n<tr>\n<td>2010 VUE (VIN Z) Captiva Sport Manual de servicio.<\/td>\n<\/tr>\n<tr>\n<td>2011 Acadia&#8230; Enclave Traverse (VIN R\/V) Manual de servicio.<\/td>\n<\/tr>\n<tr>\n<td>2011 Alpheon Manual de servicio.<\/td>\n<\/tr>\n<tr>\n<td>2011 Antara&#8230; Captiva Manual de servicio.<\/td>\n<\/tr>\n<tr>\n<td>Astra 2011 Manual de servicio.<\/td>\n<\/tr>\n<tr>\n<td>2011 avalancha Escalade suburbanas Tahoe Yukon (VIN C\/K) Manual de servicio.<\/td>\n<\/tr>\n<tr>\n<td>2011 Aveo \u00a1Barina (VIN S\/T) Manual de servicio.<\/td>\n<\/tr>\n<tr>\n<td>2011 Buick Excelle Manual de servicio.<\/td>\n<\/tr>\n<tr>\n<td>2011 Buick Regal (China) Manual de servicio.<\/td>\n<\/tr>\n<tr>\n<td>2011 Camaro (VIN F) Manual de servicio.<\/td>\n<\/tr>\n<tr>\n<td>2011 ca\u00f1\u00f3n Colorado (VIN S\/T) Manual de servicio.<\/td>\n<\/tr>\n<tr>\n<td>2011 Caprice PPV Manual de servicio.<\/td>\n<\/tr>\n<tr>\n<td>Manual de servicio deportivo Captiva 2011<\/td>\n<\/tr>\n<tr>\n<td>Corvette 2011 (VIN Y) Manual de servicio.<\/td>\n<\/tr>\n<tr>\n<td>2011 Cruze Manual de servicio.<\/td>\n<\/tr>\n<tr>\n<td>2011 CTS (VIN D) Manual de servicio.<\/td>\n<\/tr>\n<tr>\n<td>2011 DTS (VIN K) Manual de servicio.<\/td>\n<\/tr>\n<tr>\n<td>2011 Equinox terreno (VIN L) Manual de servicio.<\/td>\n<\/tr>\n<tr>\n<td>2011 Express Savana (VIN G\/H) Manual de servicio.<\/td>\n<\/tr>\n<tr>\n<td>2011 Captiva (VIN) Manual de servicio.<\/td>\n<\/tr>\n<tr>\n<td>Impala 2011 (VIN) Manual de servicio.<\/td>\n<\/tr>\n<tr>\n<td>2011 Insignia Manual de servicio.<\/td>\n<\/tr>\n<tr>\n<td>2011 de LaCrosse (China) Manual de servicio.<\/td>\n<\/tr>\n<tr>\n<td>2011 Lucerna (VIN H) Manual de servicio<\/td>\n<\/tr>\n<tr>\n<td>2011 Malib\u00fa (VIN Z) Manual de servicio.<\/td>\n<\/tr>\n<tr>\n<td>2011 Orlando Manual de servicio.<\/td>\n<\/tr>\n<tr>\n<td>2011 Regal (VIN G) Manual de servicio.<\/td>\n<\/tr>\n<tr>\n<td>2011 Sierra Silverado (VIN C\/K) Manual de servicio.<\/td>\n<\/tr>\n<tr>\n<td>2011 SRX (VIN N) Manual de servicio.<\/td>\n<\/tr>\n<tr>\n<td>2011 STS (VIN D) Manual de servicio.<\/td>\n<\/tr>\n<tr>\n<td>VE 2011\/WM-sed\u00e1n Ute&#8230; Sportwagon&#8230; Caprice Lumina Omega VXR8 Manual de servicio.<\/td>\n<\/tr>\n<tr>\n<td>Servicio de 2011 voltios Manual<\/td>\n<\/tr>\n<tr>\n<td>2012 Acadia&#8230; Enclave Traverse (VIN R\/V) Manual de servicio.<\/td>\n<\/tr>\n<tr>\n<td>2012 Alpheon Manual de servicio (2706)<\/td>\n<\/tr>\n<tr>\n<td>2012 Opel Ampera y voltios (VIN R) (Europa) Manual de servicio.<\/td>\n<\/tr>\n<tr>\n<td>2012 Antara&#8230; Captiva Manual de servicio.<\/td>\n<\/tr>\n<tr>\n<td>Manual de servicio astra-j 2012 (2857)<\/td>\n<\/tr>\n<tr>\n<td>2012 avalancha Escalade suburbanas Tahoe Yukon (VIN C\/K) Manual de servicio.<\/td>\n<\/tr>\n<tr>\n<td>2012 Aveo cl\u00e1sico Barina cl\u00e1sico (VIN T) Manual de servicio.<\/td>\n<\/tr>\n<tr>\n<td>Aveo 2012, Manual de servicio s\u00f3nico (2777)<\/td>\n<\/tr>\n<tr>\n<td>2012 Barina Manual de servicio (2774)<\/td>\n<\/tr>\n<tr>\n<td>2012 Buick Excelle Manual de servicio (2861)<\/td>\n<\/tr>\n<tr>\n<td>2012 Camaro (VIN F) Manual de servicio.<\/td>\n<\/tr>\n<tr>\n<td>2012 ca\u00f1\u00f3n Colorado (VIN S\/T) Manual de servicio.<\/td>\n<\/tr>\n<tr>\n<td>2012 Caprice PPV Manual de servicio.<\/td>\n<\/tr>\n<tr>\n<td>Manual de servicio deportivo Captiva 2012<\/td>\n<\/tr>\n<tr>\n<td>2012 Chevrolet cobalto Manual de servicio (2809)<\/td>\n<\/tr>\n<tr>\n<td>2012 Colorado (otro IO), S10 (Sudam\u00e9rica) Manual de servicio<\/td>\n<\/tr>\n<tr>\n<td>Corvette 2012 (VIN Y) Manual de servicio.<\/td>\n<\/tr>\n<tr>\n<td>2012 Cruze Manual de servicio (2863)<\/td>\n<\/tr>\n<tr>\n<td>2012 CTS (VIN D) Manual de servicio.<\/td>\n<\/tr>\n<tr>\n<td>2012 Equinox terreno (VIN L) Manual de servicio.<\/td>\n<\/tr>\n<tr>\n<td>2012 Express Savana (VIN G\/H) Manual de servicio.<\/td>\n<\/tr>\n<tr>\n<td>Impala 2012 (VIN) Manual de servicio.<\/td>\n<\/tr>\n<tr>\n<td>2012 Insignia Manual de servicio (2707)<\/td>\n<\/tr>\n<tr>\n<td>2012 de LaCrosse (China) Manual de servicio (2710)<\/td>\n<\/tr>\n<tr>\n<td>2012 de LaCrosse (VIN G) Manual de servicio (2709)<\/td>\n<\/tr>\n<tr>\n<td>2012 Malib\u00fa (VIN Z) Manual de servicio.<\/td>\n<\/tr>\n<tr>\n<td>2012 Opel Combo D-Manual de servicio.<\/td>\n<\/tr>\n<tr>\n<td>2012 Optra Viva (VIN J) Manual de servicio.<\/td>\n<\/tr>\n<tr>\n<td>2012 Orlando Manual de servicio (2859)<\/td>\n<\/tr>\n<tr>\n<td>2012 Regal (China) Manual de servicio (2711)<\/td>\n<\/tr>\n<tr>\n<td>2012 Regal (VIN G) Manual de servicio (2708)<\/td>\n<\/tr>\n<tr>\n<td>2012 Sierra Silverado (VIN C\/K) Manual de servicio.<\/td>\n<\/tr>\n<tr>\n<td>2012 Sonic (ee.uu.\/Canad\u00e1) Manual de servicio (2775)<\/td>\n<\/tr>\n<tr>\n<td>2012 SRX (VIN N) Manual de servicio.<\/td>\n<\/tr>\n<tr>\n<td>VE 2012\/WM-sed\u00e1n Ute&#8230; Sportwagon&#8230; Caprice Lumina VXR8 Manual de servicio.<\/td>\n<\/tr>\n<tr>\n<td>2012 Verano (ee.uu.\/Canad\u00e1) Manual de servicio (2816)<\/td>\n<\/tr>\n<tr>\n<td>Manual de servicio de 2012 voltios (VIN R)<\/td>\n<\/tr>\n<tr>\n<td>2012 zafira-c Manual de servicio (2860)<\/td>\n<\/tr>\n<tr>\n<td>2013 Acadia&#8230; Enclave Traverse (VIN R\/V) Manual de servicio (3206)<\/td>\n<\/tr>\n<tr>\n<td>2013 Alpheon Manual de servicio (3094)<\/td>\n<\/tr>\n<tr>\n<td>2013 Opel Ampera y voltios (VIN R) (Europa) Manual de servicio (3211)<\/td>\n<\/tr>\n<tr>\n<td>2013 Antara&#8230; Captiva Manual de servicio (5376555)<\/td>\n<\/tr>\n<tr>\n<td>2013 astra-j Convertible\/Coupe Manual de servicio (5376567)<\/td>\n<\/tr>\n<tr>\n<td>Manual de servicio astra-j 2013 (5376577)<\/td>\n<\/tr>\n<tr>\n<td>2013 ATS (VIN) Manual de servicio (3086)<\/td>\n<\/tr>\n<tr>\n<td>2013 avalancha Escalade suburbanas Tahoe Yukon (VIN C\/K) Manual de servicio (3088)<\/td>\n<\/tr>\n<tr>\n<td>Aveo 2013, Sonic (\u00c1frica, Medio Oriente, AP, Sudam\u00e9rica, CKD, M\u00e9xico) Manual de servicio (5376711)<\/td>\n<\/tr>\n<tr>\n<td>Aveo 2013, Sonic (Europa) Manual de servicio (5376704)<\/td>\n<\/tr>\n<tr>\n<td>2013 Barina Manual de servicio (5376837)<\/td>\n<\/tr>\n<tr>\n<td>2013 Camaro (VIN F) Manual de servicio (3106)<\/td>\n<\/tr>\n<tr>\n<td>2013 Caprice PPV Manual de servicio (3105)<\/td>\n<\/tr>\n<tr>\n<td>2013 Captiva Sport Manual de servicio (3101)<\/td>\n<\/tr>\n<tr>\n<td>Manual de servicio de cobalto 2013 (3107)<\/td>\n<\/tr>\n<tr>\n<td>2013 Colorado 7 S10&#8230; pionero Manual de servicio (5392270)<\/td>\n<\/tr>\n<tr>\n<td>2013 Combo D-Manual de servicio.<\/td>\n<\/tr>\n<tr>\n<td>Corvette 2013 (VIN Y) Manual de servicio (3104)<\/td>\n<\/tr>\n<tr>\n<td>2013 Cruze (mundial) Manual de servicio (5377099)<\/td>\n<\/tr>\n<tr>\n<td>2013 CTS (VIN D) Manual de servicio (3085)<\/td>\n<\/tr>\n<tr>\n<td>2013 Encore (China) Manual de servicio (5377162)<\/td>\n<\/tr>\n<tr>\n<td>2013 Encore, Trax (Norteam\u00e9rica) Manual de servicio (5377181)<\/td>\n<\/tr>\n<tr>\n<td>2013 Equinox terreno (VIN L) Manual de servicio (3100)<\/td>\n<\/tr>\n<tr>\n<td>2013 Excelle Manual de servicio (5377155)<\/td>\n<\/tr>\n<tr>\n<td>2013 Express Savana (VIN G\/H) Manual de servicio (3103)<\/td>\n<\/tr>\n<tr>\n<td>Impala 2013 (VIN) Manual de servicio (3102)<\/td>\n<\/tr>\n<tr>\n<td>2013 Insignia Manual de servicio (3098)<\/td>\n<\/tr>\n<tr>\n<td>2013 de LaCrosse (China) Manual de servicio (3095)<\/td>\n<\/tr>\n<tr>\n<td>2013 LaCrosse (VIN G) (Am\u00e9rica del Norte) Manual de servicio (3090)<\/td>\n<\/tr>\n<tr>\n<td>2013 Malib\u00fa (China) Manual de servicio (3096)<\/td>\n<\/tr>\n<tr>\n<td>2013 Malibu (Europa, otras IO y Sudam\u00e9rica) Manual de servicio (2713)<\/td>\n<\/tr>\n<tr>\n<td>Manual de servicio Malibu (Am\u00e9rica del Norte) 2013 (3093)<\/td>\n<\/tr>\n<tr>\n<td>2013 Mokka&#8230; Trax&#8230; Tracker (Europa) Manual de servicio (5377179)<\/td>\n<\/tr>\n<tr>\n<td>2013 Onix Manual de servicio (3166)<\/td>\n<\/tr>\n<tr>\n<td>2013 Orlando (mundial) Manual de servicio (5377530)<\/td>\n<\/tr>\n<tr>\n<td>2013 Regal (China) Manual de servicio (3099)<\/td>\n<\/tr>\n<tr>\n<td>2013 Regal (VIN G) (Norteam\u00e9rica) Manual de servicio (3089)<\/td>\n<\/tr>\n<tr>\n<td>2013 Sierra Silverado (VIN C\/K) Manual de servicio (3087)<\/td>\n<\/tr>\n<tr>\n<td>2013 Sonic (ee.uu.\/Canad\u00e1) Manual de servicio (5377994)<\/td>\n<\/tr>\n<tr>\n<td>2013 Spark (ee.uu.\/Canad\u00e1), Barina Spark (transmisi\u00f3n autom\u00e1tica), Manual de servicio (5421555)<\/td>\n<\/tr>\n<tr>\n<td>Giro de 2013 Manual de servicio.<\/td>\n<\/tr>\n<tr>\n<td>2013 SRX (VIN N) Manual de servicio (3201)<\/td>\n<\/tr>\n<tr>\n<td>2013 Trax, Tracker (\u00c1frica, Australia, Medio Oriente, Sudam\u00e9rica) Manual de servicio (5377156)<\/td>\n<\/tr>\n<tr>\n<td>VE 2013\/WM Ute&#8230; Caprice Lumina Manual de servicio.<\/td>\n<\/tr>\n<tr>\n<td>2013 Verano (ee.uu.\/Canad\u00e1) Manual de servicio (5377996)<\/td>\n<\/tr>\n<tr>\n<td>2013 voltios (VIN R) (Norteam\u00e9rica, Holden) Manual de servicio (3210)<\/td>\n<\/tr>\n<tr>\n<td>2013 XTS (China) Manual de servicio (3092)<\/td>\n<\/tr>\n<tr>\n<td>2013 XTS (Norteam\u00e9rica) Manual de servicio (3091)<\/td>\n<\/tr>\n<tr>\n<td>\n<p data-spm-anchor-id=\"a2g0o.detail.1000023.i1.6cf675a5X5r3zf\">2013 Zafira-Tourer Manual de servicio.<\/p>\n<\/td>\n<\/tr>\n<\/tbody>\n<\/table>\n\n\n<p><\/p>\n\n\n\n<p><\/p>\n","protected":false},"excerpt":{"rendered":"<p>Tento p\u0159\u00edstroj pou\u017e\u00edv\u00e1m pro aktivaci sn\u00edma\u010du tlaku v pneumatik\u00e1ch TPMS EL-50448 OEC-T5. Jedn\u00e1 se o vozidla pro Evropsk\u00fd trh a koncern GM. Pokud m\u00e1te z\u00e1jem o p\u00e1rov\u00e1n\u00ed pneumatik po p\u0159ezouv\u00e1n\u00ed, p\u0159\u00edpadn\u011b po v\u00fdm\u011bn\u011b \u010didla, m\u016f\u017eeme se dohodnout (Ostrava), email &#8211; astra-rasag.ic.cz@volny.cz U vozidel vybaven\u00fdch syst\u00e9mem sledov\u00e1n\u00ed tlaku v pneumatik\u00e1ch na frekvenci 433 MHz (TPM). P\u0159\u00edstroj&#8230; <\/p>\n<div class=\"read-more navbutton\"><a href=\"https:\/\/astra-rasag.cz\/?page_id=5858\">Read More<i class=\"fa fa-angle-double-right\"><\/i><\/a><\/div>\n","protected":false},"author":1,"featured_media":0,"parent":0,"menu_order":0,"comment_status":"closed","ping_status":"closed","template":"","meta":{"ngg_post_thumbnail":0,"footnotes":""},"class_list":["post-5858","page","type-page","status-publish","hentry"],"_links":{"self":[{"href":"https:\/\/astra-rasag.cz\/index.php?rest_route=\/wp\/v2\/pages\/5858","targetHints":{"allow":["GET"]}}],"collection":[{"href":"https:\/\/astra-rasag.cz\/index.php?rest_route=\/wp\/v2\/pages"}],"about":[{"href":"https:\/\/astra-rasag.cz\/index.php?rest_route=\/wp\/v2\/types\/page"}],"author":[{"embeddable":true,"href":"https:\/\/astra-rasag.cz\/index.php?rest_route=\/wp\/v2\/users\/1"}],"replies":[{"embeddable":true,"href":"https:\/\/astra-rasag.cz\/index.php?rest_route=%2Fwp%2Fv2%2Fcomments&post=5858"}],"version-history":[{"count":6,"href":"https:\/\/astra-rasag.cz\/index.php?rest_route=\/wp\/v2\/pages\/5858\/revisions"}],"predecessor-version":[{"id":6105,"href":"https:\/\/astra-rasag.cz\/index.php?rest_route=\/wp\/v2\/pages\/5858\/revisions\/6105"}],"wp:attachment":[{"href":"https:\/\/astra-rasag.cz\/index.php?rest_route=%2Fwp%2Fv2%2Fmedia&parent=5858"}],"curies":[{"name":"wp","href":"https:\/\/api.w.org\/{rel}","templated":true}]}}